{"id":1087,"date":"2023-09-24T22:00:00","date_gmt":"2023-09-24T22:00:00","guid":{"rendered":"http:\/\/www.isba-sport.org\/en\/?page_id=1087"},"modified":"2023-09-26T08:32:36","modified_gmt":"2023-09-26T08:32:36","slug":"board-of-directors","status":"publish","type":"page","link":"http:\/\/www.isba-sport.org\/en\/board-of-directors\/","title":{"rendered":"Board of Directors"},"content":{"rendered":"\t\t<div data-elementor-type=\"wp-page\" data-elementor-id=\"1087\" class=\"elementor elementor-1087\">\n\t\t\t\t<div class=\"elementor-element elementor-element-da4f5b4 e-con-full e-flex wpr-particle-no wpr-jarallax-no wpr-parallax-no wpr-sticky-section-no wpr-equal-height-no e-con e-parent\" data-id=\"da4f5b4\" data-element_type=\"container\">\n\t\t\t\t<\/div>\n\t\t<div class=\"elementor-element elementor-element-7add78f e-flex e-con-boxed wpr-particle-no wpr-jarallax-no wpr-parallax-no wpr-sticky-section-no wpr-equal-height-no e-con e-parent\" data-id=\"7add78f\" data-element_type=\"container\">\n\t\t\t\t\t<div class=\"e-con-inner\">\n\t\t\t\t<div class=\"elementor-element elementor-element-5877518 elementor-widget elementor-widget-heading\" data-id=\"5877518\" data-element_type=\"widget\" data-widget_type=\"heading.default\">\n\t\t\t\t<div class=\"elementor-widget-container\">\n\t\t\t\t\t<h2 class=\"elementor-heading-title elementor-size-default\">ISBA Board of Directors<\/h2>\t\t\t\t<\/div>\n\t\t\t\t<\/div>\n\t\t\t\t<div class=\"elementor-element elementor-element-cbb7602 elementor-widget elementor-widget-text-editor\" data-id=\"cbb7602\" data-element_type=\"widget\" data-widget_type=\"text-editor.default\">\n\t\t\t\t<div class=\"elementor-widget-container\">\n\t\t\t\t\t\t\t\t\t<table><thead><tr><th>Name and Surname<\/th><th>Title<\/th><\/tr><\/thead><tbody><tr><td>Kadir POLAT<\/td><td>President<\/td><\/tr><tr><td>Tekin ED\u0130Z<\/td><td>Vice President<\/td><\/tr><tr><td>Ali ULUT\u00dcRK<\/td><td>Secretary<\/td><\/tr><tr><td>Abdullah Ahmet KAYNAR<\/td><td>Treasurer<\/td><\/tr><tr><td>Esat Can TEK\u0130N<\/td><td>Member<\/td><\/tr><tr><td>Muhammet Yahya KARATA\u015e<\/td><td>Member<\/td><\/tr><tr><td>Hakk\u0131 TAYFUR<\/td><td>Member<\/td><\/tr><\/tbody><\/table>\t\t\t\t\t\t\t\t<\/div>\n\t\t\t\t<\/div>\n\t\t\t\t\t<\/div>\n\t\t\t\t<\/div>\n\t\t\t\t<\/div>\n\t\t","protected":false},"excerpt":{"rendered":"<p>ISBA Board of Directors Name and Surname Title Kadir POLAT President Tekin ED\u0130Z Vice President Ali ULUT\u00dcRK Secretary Abdullah Ahmet KAYNAR Treasurer Esat Can TEK\u0130N Member Muhammet Yahya KARATA\u015e Member Hakk\u0131 TAYFUR Member<\/p>\n","protected":false},"author":1,"featured_media":0,"parent":0,"menu_order":0,"comment_status":"closed","ping_status":"closed","template":"elementor_canvas","meta":{"footnotes":""},"_links":{"self":[{"href":"http:\/\/www.isba-sport.org\/en\/wp-json\/wp\/v2\/pages\/1087"}],"collection":[{"href":"http:\/\/www.isba-sport.org\/en\/wp-json\/wp\/v2\/pages"}],"about":[{"href":"http:\/\/www.isba-sport.org\/en\/wp-json\/wp\/v2\/types\/page"}],"author":[{"embeddable":true,"href":"http:\/\/www.isba-sport.org\/en\/wp-json\/wp\/v2\/users\/1"}],"replies":[{"embeddable":true,"href":"http:\/\/www.isba-sport.org\/en\/wp-json\/wp\/v2\/comments?post=1087"}],"version-history":[{"count":20,"href":"http:\/\/www.isba-sport.org\/en\/wp-json\/wp\/v2\/pages\/1087\/revisions"}],"predecessor-version":[{"id":1214,"href":"http:\/\/www.isba-sport.org\/en\/wp-json\/wp\/v2\/pages\/1087\/revisions\/1214"}],"wp:attachment":[{"href":"http:\/\/www.isba-sport.org\/en\/wp-json\/wp\/v2\/media?parent=1087"}],"curies":[{"name":"wp","href":"https:\/\/api.w.org\/{rel}","templated":true}]}}